{"id":163,"date":"2025-12-08T23:02:17","date_gmt":"2025-12-08T23:02:17","guid":{"rendered":"https:\/\/zephyrit.fr\/?page_id=163"},"modified":"2025-12-09T00:14:13","modified_gmt":"2025-12-09T00:14:13","slug":"mentions-legales","status":"publish","type":"page","link":"https:\/\/zephyrit.fr\/index.php\/mentions-legales\/","title":{"rendered":"Mentions L\u00e9gales"},"content":{"rendered":"\n<p id=\"<h2&gt;\"><strong>Mentions l\u00e9gales<\/strong><\/p>\n\n\n\n<p>Derni\u00e8re mise \u00e0 jour : 9 d\u00e9cembre 2025<\/p>\n\n\n\n<p>Conform\u00e9ment aux dispositions de la loi n\u00b0 2004-575 du 21 juin 2004 pour la confiance en l&rsquo;\u00e9conomie num\u00e9rique, il est pr\u00e9cis\u00e9 aux utilisateurs du site ZephirIT.fr l&rsquo;identit\u00e9 des diff\u00e9rents intervenants dans le cadre de sa r\u00e9alisation et de son suivi.<\/p>\n\n\n\n<p id=\"<h2&gt;\"><strong>Edition du site&nbsp;<\/strong><\/p>\n\n\n\n<p>Le pr\u00e9sent site, accessible \u00e0 l\u2019URL www.ZephirIT.fr ou www.ZephyrIT.fr, est \u00e9dit\u00e9 par <strong>ZephirIT<\/strong>, soci\u00e9t\u00e9 au capital de 1000 euros, inscrite au R.C.S. de RENNES sous le num\u00e9ro 992468421, dont le si\u00e8ge social est situ\u00e9 au 25 rue de Janz\u00e9 35150 CORPS NUDS, repr\u00e9sent\u00e9(e) par Arnaud COLLIAS d\u00fbment habilit\u00e9(e). Le num\u00e9ro individuel TVA de l\u2019\u00e9diteur est : FR72992468421.<\/p>\n\n\n\n<p><strong>H\u00e9bergement<\/strong><br>Le Site est h\u00e9berg\u00e9 par la soci\u00e9t\u00e9 OVH SAS, situ\u00e9 2 rue Kellermann &#8211; BP 80157 &#8211; 59053 Roubaix Cedex 1, (Contact t\u00e9l\u00e9phonique&nbsp;: 08 203 203 63.)<\/p>\n\n\n\n<p><strong>Directeur de publication&nbsp;<\/strong><br>Le Directeur de la publication du Site est Arnaud COLLIAS.<\/p>\n\n\n\n<p><strong>Propri\u00e9t\u00e9 intellectuelle<\/strong><\/p>\n\n\n\n<p>L&rsquo;ensemble du contenu de ce site (textes, images, logos, ic\u00f4nes, etc.) est la propri\u00e9t\u00e9 exclusive de ZephirIT, sauf mention contraire.<br>Toute reproduction, repr\u00e9sentation, modification, publication, adaptation de tout ou partie des \u00e9l\u00e9ments du site, quel que soit le moyen ou le proc\u00e9d\u00e9 utilis\u00e9, est interdite sans autorisation \u00e9crite pr\u00e9alable de ZephirIT.<br>Toute exploitation non autoris\u00e9e du site ou de son contenu engage la responsabilit\u00e9 civile et\/ou p\u00e9nale de l&rsquo;utilisateur.<\/p>\n\n\n\n<p><strong>Protection des donn\u00e9es personnelles<\/strong><\/p>\n\n\n\n<p>Le traitement de vos donn\u00e9es \u00e0 caract\u00e8re personnel est r\u00e9gi par notre Charte du respect de la vie priv\u00e9e, disponible depuis la section \u00ab\u00a0Politique de confidentialit\u00e9\u00a0\u00bb, conform\u00e9ment au R\u00e8glement G\u00e9n\u00e9ral sur la Protection des Donn\u00e9es 2016\/679 du 27 avril 2016 (\u00abRGPD\u00bb).<\/p>\n\n\n\n<p><strong>Cookies<\/strong><\/p>\n\n\n\n<p>Ce site utilise des cookies pour am\u00e9liorer l&rsquo;exp\u00e9rience utilisateur et analyser le trafic. Vous pouvez g\u00e9rer vos pr\u00e9f\u00e9rences de cookies via le bandeau de consentement affich\u00e9 lors de votre premi\u00e8re visite. Pour plus d&rsquo;informations, consultez notre <a href=\"https:\/\/zephyrit.fr\/index.php\/politique-de-confidentialite\/\" data-type=\"link\" data-id=\"https:\/\/zephyrit.fr\/index.php\/politique-de-confidentialite\/\">Politique de confidentialit\u00e9<\/a>.<\/p>\n\n\n\n<p><strong>Liens externes<\/strong><\/p>\n\n\n\n<p>Le site peut contenir des liens vers des sites externes. ZephirIT n&rsquo;exerce aucun contr\u00f4le sur ces sites et d\u00e9cline toute responsabilit\u00e9 quant \u00e0 leur contenu, leur accessibilit\u00e9 ou leur politique de confidentialit\u00e9.<\/p>\n\n\n\n<p><strong>Limitation de responsabilit\u00e9<\/strong><\/p>\n\n\n\n<p>ZephirIT s&rsquo;efforce d&rsquo;assurer l&rsquo;exactitude et la mise \u00e0 jour des informations diffus\u00e9es sur ce site. Toutefois, ZephirIT ne peut garantir l&rsquo;exactitude, la pr\u00e9cision ou l&rsquo;exhaustivit\u00e9 des informations mises \u00e0 disposition sur ce site.<\/p>\n\n\n\n<p>En cons\u00e9quence, ZephirIT d\u00e9cline toute responsabilit\u00e9 pour :<\/p>\n\n\n\n<ul class=\"wp-block-list\">\n<li>toute impr\u00e9cision, inexactitude ou omission relative aux informations disponibles sur le site<\/li>\n\n\n\n<li>tout dommage r\u00e9sultant d&rsquo;une intrusion frauduleuse d&rsquo;un tiers ayant entra\u00een\u00e9 une modification des informations mises \u00e0 disposition sur le site<\/li>\n\n\n\n<li>et plus g\u00e9n\u00e9ralement, tout dommage direct ou indirect, quelle qu&rsquo;en soit la cause, l&rsquo;origine, la nature ou les cons\u00e9quences<\/li>\n<\/ul>\n\n\n\n<p><strong>Droit applicable et juridiction comp\u00e9tente<\/strong><\/p>\n\n\n\n<p>Les pr\u00e9sentes mentions l\u00e9gales sont r\u00e9gies par le droit fran\u00e7ais. En cas de litige et \u00e0 d\u00e9faut d&rsquo;accord amiable, le litige sera port\u00e9 devant les tribunaux fran\u00e7ais conform\u00e9ment aux r\u00e8gles de comp\u00e9tence en vigueur.<\/p>\n\n\n\n<p><strong>Contact<\/strong><\/p>\n\n\n\n<p>Pour toute question concernant les pr\u00e9sentes mentions l\u00e9gales, vous pouvez nous contacter&nbsp;:<\/p>\n\n\n\n<ul class=\"wp-block-list\">\n<li>Par email&nbsp;: contact@ZephirIT.fr<\/li>\n\n\n\n<li>Par courrier&nbsp;: 25 rue de Janz\u00e9 35150 CORPS NUDS<\/li>\n<\/ul>\n\n\n\n<p><\/p>\n","protected":false},"excerpt":{"rendered":"<p>Mentions l\u00e9gales Derni\u00e8re mise \u00e0 jour : 9 d\u00e9cembre 2025 Conform\u00e9ment aux dispositions de la loi n\u00b0 2004-575 du 21 juin 2004 pour la confiance en l&rsquo;\u00e9conomie num\u00e9rique, il est pr\u00e9cis\u00e9 aux utilisateurs du site ZephirIT.fr l&rsquo;identit\u00e9 des diff\u00e9rents intervenants dans le cadre de sa r\u00e9alisation et de son suivi. Edition du site&nbsp; Le pr\u00e9sent&hellip; <br \/> <a class=\"button small blue\" href=\"https:\/\/zephyrit.fr\/index.php\/mentions-legales\/\">Lire la suite<\/a><\/p>\n","protected":false},"author":1,"featured_media":0,"parent":0,"menu_order":0,"comment_status":"closed","ping_status":"closed","template":"","meta":{"footnotes":""},"class_list":["post-163","page","type-page","status-publish","hentry"],"_links":{"self":[{"href":"https:\/\/zephyrit.fr\/index.php\/wp-json\/wp\/v2\/pages\/163","targetHints":{"allow":["GET"]}}],"collection":[{"href":"https:\/\/zephyrit.fr\/index.php\/wp-json\/wp\/v2\/pages"}],"about":[{"href":"https:\/\/zephyrit.fr\/index.php\/wp-json\/wp\/v2\/types\/page"}],"author":[{"embeddable":true,"href":"https:\/\/zephyrit.fr\/index.php\/wp-json\/wp\/v2\/users\/1"}],"replies":[{"embeddable":true,"href":"https:\/\/zephyrit.fr\/index.php\/wp-json\/wp\/v2\/comments?post=163"}],"version-history":[{"count":9,"href":"https:\/\/zephyrit.fr\/index.php\/wp-json\/wp\/v2\/pages\/163\/revisions"}],"predecessor-version":[{"id":186,"href":"https:\/\/zephyrit.fr\/index.php\/wp-json\/wp\/v2\/pages\/163\/revisions\/186"}],"wp:attachment":[{"href":"https:\/\/zephyrit.fr\/index.php\/wp-json\/wp\/v2\/media?parent=163"}],"curies":[{"name":"wp","href":"https:\/\/api.w.org\/{rel}","templated":true}]}}