{"id":14,"date":"2025-10-05T13:22:20","date_gmt":"2025-10-05T13:22:20","guid":{"rendered":"http:\/\/zephyrit.fr\/index.php\/one-page-express\/"},"modified":"2025-12-15T11:26:17","modified_gmt":"2025-12-15T11:26:17","slug":"one-page-express","status":"publish","type":"page","link":"https:\/\/zephyrit.fr\/","title":{"rendered":"Home"},"content":{"rendered":"<div  id=\"nos-services\" class=\"features-image-cards-section stripped-features-image-cards-section\" style=\"background-color: #ffffff;\" data-label=\"Services\" data-id=\"stripped-features-image-cards-section\" data-category=\"overlapable\" data-=\"\" data-overlap=\"true\">\n<div  class=\"gridContainer\">\n<div  class=\"features-image-cards-innerrow flexbox-list\" data-type=\"row\">\n<div  class=\"features-image-cards-cardcol cp4cols cp6cols-tablet\">\n<div  class=\"features-image-cards-cardrow\"><img  decoding=\"async\" class=\"features-image-cards-featimg\" src=\"https:\/\/zephyrit.fr\/wp-content\/uploads\/2025\/11\/ConseilITOrganisation-e1762251370658.jpg\" alt=\"Conseil IT et Organisation\">\n<div  class=\"features-image-cards-cardtextrow\" data-type=\"column\">\n<h4  class=\"\" style=\"text-align: center;\">Conseil IT &amp; Organisation<\/h4>\n<p  class=\"\" style=\"text-align: center;\">Accompagnement des directions dans la valorisation de leur syst\u00e8me d\u2019information : alignement strat\u00e9gique, modernisation des outils, simplification des processus et conduite du changement. Faire de la technologie un levier concret d\u2019efficacit\u00e9 op\u00e9rationnelle et de performance durable au service de l\u2019entreprise.<\/p>\n\n<\/div>\n<\/div>\n<\/div>\n<div  class=\"features-image-cards-cardcol cp4cols cp6cols-tablet\">\n<div  class=\"features-image-cards-cardrow\"><img  decoding=\"async\" class=\"features-image-cards-featimg\" src=\"https:\/\/zephyrit.fr\/wp-content\/plugins\/one-page-express-companion\/theme-data\/one-page-express\/sections\/images\/project2.jpg\">\n<div  class=\"features-image-cards-cardtextrow\" data-type=\"column\">\n<h4  class=\"\" style=\"text-align: center;\">Direction de projet<\/h4>\n<p  class=\"\" style=\"text-align: center;\">Accompagnement des entreprises dans la direction de programmes et projets Data &amp; Digitaux : d\u00e9finition de la gouvernance, pilotage des \u00e9quipes pluridisciplinaires, s\u00e9curisation des d\u00e9lais et du budget. L\u2019objectif est d\u2019assurer la r\u00e9ussite des initiatives de transformation, en maximisant la valeur des donn\u00e9es et l\u2019impact des solutions digitales sur la performance globale.<\/p>\n\n<\/div>\n<\/div>\n<\/div>\n<div  class=\"features-image-cards-cardcol cp4cols cp6cols-tablet\">\n<div  class=\"features-image-cards-cardrow\"><img  decoding=\"async\" class=\"features-image-cards-featimg\" src=\"https:\/\/zephyrit.fr\/wp-content\/uploads\/2025\/11\/ManagementTransition-e1762251233769.jpg\" alt=\"Management de Transition\">\n<div  class=\"features-image-cards-cardtextrow\" data-type=\"column\">\n<h4  class=\"\" style=\"text-align: center;\">Management de transition<\/h4>\n<p  class=\"\" style=\"text-align: center;\">Accompagnement des organisations dans les phases de transition et de transformation : prise en charge temporaire de fonctions cl\u00e9s, stabilisation des \u00e9quipes et pilotage des priorit\u00e9s strat\u00e9giques. L\u2019objectif est d\u2019assurer la continuit\u00e9 op\u00e9rationnelle, de restaurer la performance et de pr\u00e9parer durablement la reprise ou l\u2019\u00e9volution de la direction concern\u00e9e.<\/p>\n\n<\/div>\n<\/div>\n<\/div>\n<\/div>\n<\/div>\n<\/div><div  id=\"notre-histoire\" class=\"about-big-images-section\" style=\"background-color: #f6f6f6;\" data-label=\"Histoire\" data-id=\"about-big-images-section\" data-category=\"about\">\n<div  class=\"\">\n<div  class=\"about-big-images-textrow\">\n<div  class=\"about-big-images-textcol dynamic-color\" data-type=\"column\">\n<h2  class=\"\">Notre histoire<\/h2>\n<p  class=\"\">Inspir\u00e9 par Zephir, ce <b >vent doux et constant<\/b> qui guide les navigateurs vers de nouveaux horizons, ZephirIT est n\u00e9 d\u2019une conviction : la transformation digitale ne doit pas \u00eatre une temp\u00eate, mais une brise porteuse. Fort de plus de 20 ans d\u2019exp\u00e9rience en organisation IT, direction de projets digitaux et management de transition, nous avons fait de l\u2019agilit\u00e9 et du pragmatisme nos rep\u00e8res.<\/p>\n<p  class=\"\">Chez ZephirIT, nous croyons que chaque entreprise m\u00e9rite un<strong > accompagnement sur mesure<\/strong>, o\u00f9 la technologie sert les humains et non l\u2019inverse. Notre approche ? Des solutions claires, des processus optimis\u00e9s, et une vision align\u00e9e sur vos enjeux m\u00e9tiers. Parce que la transformation r\u00e9ussie est celle qui s\u2019ancre dans le concret, sans jamais perdre de vue l\u2019horizon.<\/p>\n<p  class=\"\">Que vous soyez en pleine transition digitale, en qu\u00eate d\u2019organisation IT plus performante, ou \u00e0 la recherche d\u2019un pilotage de projet data ambitieux, ZephirIT est votre partenaire pour avancer, sereinement et efficacement. Ensemble, <strong >transformons l\u2019IT<\/strong> en <strong >levier de croissance<\/strong>, et le <strong >changement en opportunit\u00e9<\/strong>.<\/p>\n<a  class=\"button blue\" href=\"#contact\" target=\"_self\">On en discute<\/a>\n\n<\/div>\n<\/div>\n<\/div>\n<div  class=\"about-big-images-bottomrow\">\n<div  class=\"about-big-images-leftimgcol\"><img  decoding=\"async\" class=\"about-big-images-leftimg\" src=\"https:\/\/zephyrit.fr\/wp-content\/plugins\/one-page-express-companion\/theme-data\/one-page-express\/sections\/images\/nordwood-themes-180852.jpg\"><\/div>\n<div  class=\"about-big-images-centerimgcol\"><img  decoding=\"async\" class=\"about-big-images-centerimg\" src=\"https:\/\/zephyrit.fr\/wp-content\/plugins\/one-page-express-companion\/theme-data\/one-page-express\/sections\/images\/ir5likvfqc4-william-iven-1920x1275.jpg\"><\/div>\n<div  class=\"about-big-images-rightimgcol\"><img  decoding=\"async\" class=\"about-big-images-rightimg\" src=\"https:\/\/zephyrit.fr\/wp-content\/plugins\/one-page-express-companion\/theme-data\/one-page-express\/sections\/images\/project1.jpg\"><\/div>\n<\/div>\n<\/div><div  id=\"portfolio\" class=\"portfolio-full-section\" style=\"background-color: #f6f6f6;\" data-label=\"Portfolio\" data-id=\"portfolio-full-section\" data-category=\"portfolio\">\n<div  class=\"portfolio-full-section\" data-type=\"row\">\n<h2  class=\"\" style=\"text-align: center;\">Quelques r\u00e9f\u00e9rences<\/h2>\n<div  class=\"portfolio-full-projectco cp4cols cp4cols-tablet\">\n<div  id=\"ContentSwap103\" class=\"contentswap-effect ContentSwap103\">\n<div  class=\"ContentSwap103_content initial-image\"><img  decoding=\"async\" class=\"portfolio-full-projectimg\" src=\"https:\/\/zephyrit.fr\/wp-content\/plugins\/one-page-express-companion\/theme-data\/one-page-express\/sections\/images\/project3.jpg\" data-size=\"1200x800\"><\/div>\n<div  class=\"overlay\" style=\"display: block; opacity: 1;\"><\/div>\n<div  class=\"swap-inner\" style=\"opacity: 1; display: block;\">\n<div  class=\"ContentSwap103-center\">\n<h4  class=\"protfolio-full-itemtitle\">Am\u00e9lioration de la performance de la DSI<\/h4>\n<a  class=\"button yellow\" href=\"#contact\" target=\"_self\">En savoir plus<\/a>\n\n<\/div>\n<\/div>\n<\/div>\n<\/div>\n<div  class=\"portfolio-full-projectco cp4cols cp4cols-tablet\">\n<div  id=\"ContentSwap103\" class=\"contentswap-effect ContentSwap103\">\n<div  class=\"ContentSwap103_content initial-image\"><img  decoding=\"async\" class=\"portfolio-full-projectimg\" src=\"https:\/\/zephyrit.fr\/wp-content\/plugins\/one-page-express-companion\/theme-data\/one-page-express\/sections\/images\/project1.jpg\" data-size=\"1200x800\"><\/div>\n<div  class=\"overlay\" style=\"display: block; opacity: 1;\"><\/div>\n<div  class=\"swap-inner\" style=\"opacity: 1; display: block;\">\n<div  class=\"ContentSwap103-center\">\n<h4  class=\"protfolio-full-itemtitle\">Direction de programme de refonte d\u2019un SI Data<\/h4>\n<a  class=\"button yellow\" href=\"#contact\" target=\"_self\">En savoir plus<\/a>\n\n<\/div>\n<\/div>\n<\/div>\n<\/div>\n<div  class=\"portfolio-full-projectco cp4cols cp4cols-tablet\">\n<div  id=\"ContentSwap103\" class=\"contentswap-effect ContentSwap103\">\n<div  class=\"ContentSwap103_content initial-image\"><img  decoding=\"async\" class=\"portfolio-full-projectimg\" src=\"https:\/\/zephyrit.fr\/wp-content\/plugins\/one-page-express-companion\/theme-data\/one-page-express\/sections\/images\/project2.jpg\" data-size=\"1200x800\"><\/div>\n<div  class=\"overlay\" style=\"display: block; opacity: 1;\"><\/div>\n<div  class=\"swap-inner\" style=\"opacity: 1; display: block;\">\n<div  class=\"ContentSwap103-center\">\n<h4  class=\"protfolio-full-itemtitle\">Accompagnement transition DSI<\/h4>\n<a  class=\"button yellow\" href=\"#contact\" target=\"_self\">En savoir plus<\/a>\n\n<\/div>\n<\/div>\n<\/div>\n<\/div>\n<\/div>\n<\/div><div  data-label=\"Team\" data-id=\"team-colors-section\" data-category=\"team\" class=\"team-colors-section\" id=\"equipe\" style=\"background-color: rgb(255, 255, 255);\"> <div  class=\"gridContainer\"> <div  class=\"team-colors-textcol dynamic-color\"> <h2 >Notre \u00e9quipe<\/h2> <p  class=\"\">Une \u00e9quipe de consultant exp\u00e9riment\u00e9s dans l\u2019IT dont les parcours riches permettrons de b\u00e9n\u00e9ficier de retours d\u2019exp\u00e9rience concr\u00eats et pragmatiques pour accompagner votre transformation et atteindre vos ambitions.<\/p> <\/div> <div  class=\"team-colors-membersrow dark-text\" data-type=\"row\"> <div  class=\"team-colors-membercol cp6cols-tablet cp6cols\"> <div  class=\"team-colors-membercard\"> <div  class=\"team-colors-background\"><\/div> <div  class=\"team-colors-memberinfo\" data-type=\"column\"><img  decoding=\"async\" class=\"team-colors-memberimg\" data-size=\"500x500\" src=\"https:\/\/zephyrit.fr\/wp-content\/uploads\/2025\/10\/cropped-arnaud_collias_profil-small.jpg\" alt=\"\"> <h4  class=\"team-colors-membername\">Arnaud COLLIAS<\/h4> <p  class=\"team-colors-memberposition\">COO<\/p> <p  class=\"\">+ de 20 ans d\u2019exp\u00e9rience sur des fonctions de Directions dans le domaine du Digital &amp; Data : j\u2019accompage les entreprises sur du conseil dans l\u2019am\u00e9lioration de leur organisation et pratiques IT, du pilotage de projets complexes et sur du management de transition IT \/ DSI.<\/p> <hr  class=\"team-colors-separator\"> <\/div> <div  class=\"team-colors-membericons\" data-type=\"group\"> <a  href=\"https:\/\/www.linkedin.com\/in\/arnaudcollias\" target=\"_blank\" class=\"\"><i  data-cp-fa=\"true\" class=\"team-colors-icon fa fa-linkedin\"><\/i><\/a> <a  href=\"#\" target=\"_self\" data-reiki-hidden=\"true\"><i  data-cp-fa=\"true\" class=\"fa team-colors-icon fa-twitter\"><\/i><\/a> <a  href=\"#\" target=\"_self\" data-reiki-hidden=\"true\"><i  data-cp-fa=\"true\" class=\"fa team-colors-icon fa-dribbble\"><\/i><\/a> <\/div> <\/div> <\/div> <div  class=\"team-colors-membercol cp6cols-tablet cp6cols\"> <div  class=\"team-colors-membercard\"> <div  class=\"team-colors-background\"><\/div> <div  class=\"team-colors-memberinfo\" data-type=\"column\"><img  decoding=\"async\" class=\"team-colors-memberimg\" data-size=\"500x500\" src=\"https:\/\/zephyrit.fr\/wp-content\/uploads\/2025\/11\/cropped-Sebastien.jpeg\" alt=\"\"> <h4  class=\"team-colors-membername\">S\u00e9bastien QUERE<\/h4> <p  class=\"team-colors-memberposition\">CTO<\/p> <p  class=\"\">15 ans d\u2019exp\u00e9rience en tant que CTO : j\u2019accompagne les entreprises dans la conception de leur architecture, la structuration de leurs \u00e9quipes et l\u2019am\u00e9lioration de leurs produits. J\u2019interviens en CTO \u00e0 la demande, avec une approche flexible et adapt\u00e9e \u00e0 vos enjeux.<\/p> <hr  class=\"team-colors-separator\"> <\/div> <div  class=\"team-colors-membericons\" data-type=\"group\"> <a  href=\"https:\/\/www.linkedin.com\/in\/sebastien-quere\" target=\"_blank\" class=\"\"><i  data-cp-fa=\"true\" class=\"team-colors-icon fa fa-linkedin\"><\/i><\/a> <a  href=\"#\" target=\"_self\" data-reiki-hidden=\"true\"><i  data-cp-fa=\"true\" class=\"fa team-colors-icon fa-twitter\"><\/i><\/a> <a  href=\"#\" target=\"_self\" data-reiki-hidden=\"true\"><i  data-cp-fa=\"true\" class=\"fa team-colors-icon fa-dribbble\"><\/i><\/a> <\/div> <\/div> <\/div>   <\/div> <\/div><\/div><div  id=\"contact\" class=\"contact-section-formsection white-text contact-section\" data-label=\"Contact\" data-id=\"contact-section\" data-category=\"contact\" data-bg=\"transparent\">\n<div  class=\"\">\n<div  class=\"row_224\">\n<div  class=\"contact-textrow\">\n<div  class=\"contact-textcol dynamic-color\">\n<h2  class=\"\">Un petit message<\/h2>\n<p  class=\"white_text\">Parce qu\u2019une mission, un projet, un accompagnement d\u00e9marre toujours par un \u00e9change, vous pouvez nous contacter par mail : <a  href=\"mailto:contact@ZephirIT.fr\">contact@ZephirIT.fr<\/a> nous vous rappellerons pour convenir d\u2019un entretien.<\/p>\n\n<\/div>\n<\/div>\n<\/div>\n<div  class=\"contact-formcol\" data-content-shortcode=\"one_page_express_contact_form shortcode=&quot;contact-form-7 id=&amp;amp;quot;2e770a5&amp;amp;quot; title=&amp;amp;quot;Form Contact&amp;amp;quot;&quot;\" data-editable=\"true\">\n<div class=\"wpcf7 no-js\" id=\"wpcf7-f62-o1\" lang=\"fr-FR\" dir=\"ltr\" data-wpcf7-id=\"62\">\n<div class=\"screen-reader-response\"><p role=\"status\" aria-live=\"polite\" aria-atomic=\"true\"><\/p> <ul><\/ul><\/div>\n<form action=\"\/index.php\/wp-json\/wp\/v2\/pages\/14#wpcf7-f62-o1\" method=\"post\" class=\"wpcf7-form init\" aria-label=\"Formulaire de contact\" novalidate=\"novalidate\" data-status=\"init\">\n<fieldset class=\"hidden-fields-container\"><input type=\"hidden\" name=\"_wpcf7\" value=\"62\" \/><input type=\"hidden\" name=\"_wpcf7_version\" value=\"6.1.5\" \/><input type=\"hidden\" name=\"_wpcf7_locale\" value=\"fr_FR\" \/><input type=\"hidden\" name=\"_wpcf7_unit_tag\" value=\"wpcf7-f62-o1\" \/><input type=\"hidden\" name=\"_wpcf7_container_post\" value=\"0\" \/><input type=\"hidden\" name=\"_wpcf7_posted_data_hash\" value=\"\" \/>\n<\/fieldset>\n<p><label nowrap> Votre nom <span class=\"wpcf7-form-control-wrap\" data-name=\"your-name\"><input size=\"40\" maxlength=\"400\" class=\"wpcf7-form-control wpcf7-text wpcf7-validates-as-required\" autocomplete=\"name\" aria-required=\"true\" aria-invalid=\"false\" value=\"\" type=\"text\" name=\"your-name\" \/><\/span> <\/label><br \/>\n<label> Votre e-mail <span class=\"wpcf7-form-control-wrap\" data-name=\"your-email\"><input size=\"40\" maxlength=\"400\" class=\"wpcf7-form-control wpcf7-email wpcf7-validates-as-required wpcf7-text wpcf7-validates-as-email\" autocomplete=\"email\" aria-required=\"true\" aria-invalid=\"false\" value=\"\" type=\"email\" name=\"your-email\" \/><\/span> <\/label><br \/>\n<label> Objet <span class=\"wpcf7-form-control-wrap\" data-name=\"your-subject\"><input size=\"40\" maxlength=\"400\" class=\"wpcf7-form-control wpcf7-text wpcf7-validates-as-required\" aria-required=\"true\" aria-invalid=\"false\" value=\"\" type=\"text\" name=\"your-subject\" \/><\/span> <\/label><br \/>\n<label> Votre message<br \/>\n<span class=\"wpcf7-form-control-wrap\" data-name=\"your-message\"><textarea cols=\"40\" rows=\"10\" maxlength=\"2000\" class=\"wpcf7-form-control wpcf7-textarea\" aria-invalid=\"false\" name=\"your-message\"><\/textarea><\/span> <\/label>\n<\/p>\n<p><input class=\"wpcf7-form-control wpcf7-submit has-spinner\" type=\"submit\" value=\"Envoyer\" \/>\n<\/p><p style=\"display: none !important;\" class=\"akismet-fields-container\" data-prefix=\"_wpcf7_ak_\"><label>&#916;<textarea name=\"_wpcf7_ak_hp_textarea\" cols=\"45\" rows=\"8\" maxlength=\"100\"><\/textarea><\/label><input type=\"hidden\" id=\"ak_js_1\" name=\"_wpcf7_ak_js\" value=\"14\"\/><script>document.getElementById( \"ak_js_1\" ).setAttribute( \"value\", ( new Date() ).getTime() );<\/script><\/p><div class=\"wpcf7-response-output\" aria-hidden=\"true\"><\/div>\n<\/form>\n<\/div>\n<\/div>\n<\/div>\n<\/div><div  id=\"features-7\" class=\"features-square-image-section\" style=\"background-color: #ffffff;\" data-label=\"Features\" data-id=\"features-square-image-section\" data-category=\"features\">\n<div  class=\"dynamic-color\">\n<div  class=\"features-square-image-textrow\">\n<div  class=\"features-square-image-textcol\" data-type=\"column\">\n<p  class=\"\">@ZephirIT 2025 \u2013 Tous droits r\u00e9serv\u00e9s | <a  href=\"https:\/\/zephyrit.fr\/index.php\/mentions-legales\" rel=\"noopener\">Mentions l\u00e9gales<\/a> | <a  href=\"https:\/\/zephyrit.fr\/index.php\/politique-de-confidentialite\">Politiques de Confidentialit\u00e9<\/a> | Site cr\u00e9\u00e9 avec WordPress et <a  class=\"\" href=\"https:\/\/extendthemes.com\/go\/built-with-one-page-express\" target=\"_blank\" rel=\"nofollow noopener\">OnePage Express Theme<\/a><\/p>\n\n<\/div>\n<\/div>\n<div  class=\"features-square-image-innerrow\" data-type=\"row\">\n<div  class=\"features-square-image-featcol cp4cols cp6cols-tablet\"><\/div>\n<\/div>\n<\/div>\n<\/div><div  class=\"wp-block-group\"><\/div>","protected":false},"excerpt":{"rendered":"<p>Conseil IT &amp; Organisation Accompagnement des directions dans la valorisation de leur syst\u00e8me d\u2019information : alignement strat\u00e9gique, modernisation des outils, simplification des processus et conduite du changement. Faire de la technologie un levier concret d\u2019efficacit\u00e9 op\u00e9rationnelle et de performance durable au service de l\u2019entreprise. Direction de projet Accompagnement des entreprises dans la direction de programmes&hellip; <br \/> <a class=\"button small blue\" href=\"https:\/\/zephyrit.fr\/index.php\/2025\/10\/05\/hello-world\/\">Lire la suite<\/a><\/p>\n","protected":false},"author":1,"featured_media":0,"parent":0,"menu_order":0,"comment_status":"closed","ping_status":"closed","template":"","meta":{"footnotes":""},"class_list":["post-14","page","type-page","status-publish","hentry"],"_links":{"self":[{"href":"https:\/\/zephyrit.fr\/index.php\/wp-json\/wp\/v2\/pages\/14","targetHints":{"allow":["GET"]}}],"collection":[{"href":"https:\/\/zephyrit.fr\/index.php\/wp-json\/wp\/v2\/pages"}],"about":[{"href":"https:\/\/zephyrit.fr\/index.php\/wp-json\/wp\/v2\/types\/page"}],"author":[{"embeddable":true,"href":"https:\/\/zephyrit.fr\/index.php\/wp-json\/wp\/v2\/users\/1"}],"replies":[{"embeddable":true,"href":"https:\/\/zephyrit.fr\/index.php\/wp-json\/wp\/v2\/comments?post=14"}],"version-history":[{"count":73,"href":"https:\/\/zephyrit.fr\/index.php\/wp-json\/wp\/v2\/pages\/14\/revisions"}],"predecessor-version":[{"id":287,"href":"https:\/\/zephyrit.fr\/index.php\/wp-json\/wp\/v2\/pages\/14\/revisions\/287"}],"wp:attachment":[{"href":"https:\/\/zephyrit.fr\/index.php\/wp-json\/wp\/v2\/media?parent=14"}],"curies":[{"name":"wp","href":"https:\/\/api.w.org\/{rel}","templated":true}]}}